{"id":1000,"date":"2021-04-12T23:58:26","date_gmt":"2021-04-12T21:58:26","guid":{"rendered":"http:\/\/biodiversitatmoixinaparcnou.consorcisigma.org\/?page_id=1000"},"modified":"2022-02-09T02:06:34","modified_gmt":"2022-02-09T00:06:34","slug":"documentacio-bibliografia","status":"publish","type":"page","link":"http:\/\/biodiversitatmoixinaparcnou.consorcisigma.org\/?page_id=1000","title":{"rendered":"DOCUMENTACI\u00d3"},"content":{"rendered":"\n<p>A part de la bibliografia espec\u00edfica inclosa a cada article i pensant en els interessats en la tem\u00e0tica de la Moixina en general, es considera interessant recomanar altres materials i recursos bibliogr\u00e0fics, aix\u00ed com tamb\u00e9 el contacte d\u2019institucions i organismes on trobar m\u00e9s informaci\u00f3 sobre la Moixina.<\/p>\n\n\n\n<div class=\"wp-block-buttons aligncenter is-layout-flex wp-block-buttons-is-layout-flex\">\n<div class=\"wp-block-button is-style-outline is-style-outline--1\"><a class=\"wp-block-button__link has-text-color\" href=\"http:\/\/biodiversitatmoixinaparcnou.consorcisigma.org\/wp-content\/uploads\/2022\/02\/20220125_Bfia_Moixina_ParcNou.pdf\" style=\"color:#338d15\" target=\"_blank\" rel=\"noreferrer noopener\">Descarregueu-vos el llistat en format pdf<\/a><\/div>\n<\/div>\n\n\n\n<p><\/p>\n\n\n\n<p>La majoria d\u2019informaci\u00f3 citada es pot descarregar d\u2019Internet, es troba disponible a biblioteques del Cat\u00e0leg Col\u00b7lectiu de Biblioteques Especialitzades de la Generalitat de Catalunya i\/o del Cat\u00e0leg Col\u00b7lectiu de les Universitats de Catalunya, o b\u00e9 es poden consultar en sala al Centre de Documentaci\u00f3 del Parc Natural de la Zona Volc\u00e0nica de la Garrotxa, que facilita l\u2019acc\u00e9s f\u00edsic i virtual a tot tipus de coneixement i d&#8217;informaci\u00f3 sobre el Parc Natural, i altres mat\u00e8ries ambientals o d\u2019inter\u00e8s per a la seva gesti\u00f3.&nbsp;&nbsp;Per visites <em>in situ<\/em> concertades i consultes: tel. 972 264 666 i <a href=\"mailto:wgrabolo@gencat.cat\" target=\"_blank\" rel=\"noreferrer noopener\">wgrabolo@gencat.cat<\/a> &nbsp;<\/p>\n\n\n\n<p>\u200bSi hi trobeu a faltar algun document a la llista que tamb\u00e9 trobeu interessant sobre la Moixina, ens en podeu fer arribar la citaci\u00f3 a&nbsp;<a href=\"mailto:wgrabolo@gencat.cat\" target=\"_blank\" rel=\"noreferrer noopener\">wgrabolo@gencat.cat<\/a>&nbsp;i, amb el vistiplau de l&#8217;equip, l&#8217;incorporarem al llistat.&nbsp;<\/p>\n\n\n\n<p>Moltes gr\u00e0cies i molt bona lectura!<\/p>\n\n\n\n<p><\/p>\n","protected":false},"excerpt":{"rendered":"<p>A part de la bibliografia espec\u00edfica inclosa a cada article i pensant en els interessats en la tem\u00e0tica de la [&hellip;]<\/p>\n","protected":false},"author":1,"featured_media":0,"parent":0,"menu_order":0,"comment_status":"closed","ping_status":"closed","template":"","meta":{"footnotes":""},"class_list":["post-1000","page","type-page","status-publish","hentry"],"_links":{"self":[{"href":"http:\/\/biodiversitatmoixinaparcnou.consorcisigma.org\/index.php?rest_route=\/wp\/v2\/pages\/1000","targetHints":{"allow":["GET"]}}],"collection":[{"href":"http:\/\/biodiversitatmoixinaparcnou.consorcisigma.org\/index.php?rest_route=\/wp\/v2\/pages"}],"about":[{"href":"http:\/\/biodiversitatmoixinaparcnou.consorcisigma.org\/index.php?rest_route=\/wp\/v2\/types\/page"}],"author":[{"embeddable":true,"href":"http:\/\/biodiversitatmoixinaparcnou.consorcisigma.org\/index.php?rest_route=\/wp\/v2\/users\/1"}],"replies":[{"embeddable":true,"href":"http:\/\/biodiversitatmoixinaparcnou.consorcisigma.org\/index.php?rest_route=%2Fwp%2Fv2%2Fcomments&post=1000"}],"version-history":[{"count":7,"href":"http:\/\/biodiversitatmoixinaparcnou.consorcisigma.org\/index.php?rest_route=\/wp\/v2\/pages\/1000\/revisions"}],"predecessor-version":[{"id":1114,"href":"http:\/\/biodiversitatmoixinaparcnou.consorcisigma.org\/index.php?rest_route=\/wp\/v2\/pages\/1000\/revisions\/1114"}],"wp:attachment":[{"href":"http:\/\/biodiversitatmoixinaparcnou.consorcisigma.org\/index.php?rest_route=%2Fwp%2Fv2%2Fmedia&parent=1000"}],"curies":[{"name":"wp","href":"https:\/\/api.w.org\/{rel}","templated":true}]}}