{"id":1242,"date":"2022-07-09T10:51:38","date_gmt":"2022-07-09T08:51:38","guid":{"rendered":"http:\/\/biodiversitatmoixinaparcnou.consorcisigma.org\/?page_id=1242"},"modified":"2022-07-09T10:59:35","modified_gmt":"2022-07-09T08:59:35","slug":"presentacio-del-cataleg-de-biodiversitat-dels-paratges-de-la-moixina-i-del-parc-nou","status":"publish","type":"page","link":"http:\/\/biodiversitatmoixinaparcnou.consorcisigma.org\/?page_id=1242","title":{"rendered":"PRESENTACI\u00d3 DEL CAT\u00c0LEG DE BIODIVERSITAT DELS PARATGES DE LA MOIXINA I DEL PARC NOU"},"content":{"rendered":"\n<p><strong>La Moixina i el Parc Nou d\u2019Olot<\/strong> s\u00f3n uns espais amb uns valors patrimonials excepcionals, tant des del punt de vista ecol\u00f2gic com pel seu \u00fas social i cultural. Formen una unitat territorial que presenta unes caracter\u00edstiques paisatg\u00edstiques i ambientals del tot singulars, no comparables a cap altre indret de Catalunya.<\/p>\n\n\n\n<p><br>En resposta a l\u2019elevad\u00edssim inter\u00e8s de la zona, l\u2019any 2015 es va iniciar el projecte: <em>Cat\u00e0leg de biodiversitat dels paratges de la Moixina i del Parc Nou<\/em>. Aquest es planteja com a principals objectius els de recopilar tota la documentaci\u00f3 disponible sobre la biodiversitat de l\u2019\u00e0mbit de la Moixina i el Parc Nou i establir, mitjan\u00e7ant els estudis de camp corresponents, cat\u00e0legs actualitzats dels principals grups d\u2019organismes (flora vascular, l\u00edquens, fongs, bri\u00f2fits, mol\u00b7luscs, papallones nocturnes, papallones di\u00fcrnes, odonats, ocells, mam\u00edfers, etc.). Es dedicar\u00e0 especial atenci\u00f3 a avaluar la situaci\u00f3 de les esp\u00e8cies protegides, amena\u00e7ades o d\u2019inter\u00e8s patrimonial i tamb\u00e9 a les esp\u00e8cies ex\u00f2tiques invasores. Aix\u00f2 ha de permetre disposar d\u2019una eina b\u00e0sica d\u2019interpretaci\u00f3 i conservaci\u00f3 de la diversitat biol\u00f2gica i plantejar els estudis i documents de gesti\u00f3 necessaris per assolir els objectius plantejats al Pla director dels espais verds d\u2019Olot. El darrer objectiu, no per aix\u00f2 menys important, \u00e9s posar en valor per al conjunt de la societat aquest espai, i fer-la participar del seu estudi i del comprom\u00eds de la seva conservaci\u00f3.<\/p>\n\n\n\n<p><br><strong>El Cat\u00e0leg de biodiversitat dels paratges de la Moixina i del Parc Nou \u00e9s un projecte promogut pel Consorci de Medi Ambient i Salut P\u00fablica de la Garrotxa (SIGMA), l\u2019Ajuntament d\u2019Olot i el Parc Natural de la Zona Volc\u00e0nica de la Garrotxa.<\/strong><\/p>\n\n\n\n<p><br>En aquests anys el projecte ha anat avan\u00e7ant i ja s\u2019han completat els estudis de flora vascular, <strong>bri\u00f2fits<\/strong> (molses i hep\u00e0tiques), <strong>l\u00edquens<\/strong>, <strong>fongs<\/strong>, <strong>odonats <\/strong>(lib\u00e8l\u00b7lules) i <strong>mol\u00b7luscs<\/strong> (cargols), i en breu finalitzaran els treballs sobre <strong>lepid\u00f2pters<\/strong>, que es divideixen en un estudis sobre <strong>ropal\u00f2cers<\/strong> (papallones di\u00fcrnes) i un dedicat als <strong>heter\u00f2cers<\/strong> (arnes o papallones nocturnes). Tamb\u00e9 s\u2019ha comen\u00e7at a treballar amb pol\u00b7linitzadors i l\u2019any 2022 s\u2019ha iniciat l\u2019estudi del cole\u00f2pters o escarabats, un grup amb una riquesa d\u2019esp\u00e8cies molt elevada per a la que caldr\u00e0 treballar diversos anys. En els propers anys tamb\u00e9 est\u00e0 previst completar els coneixement de nous grups biol\u00f2gics, entre els que hi ha un des m\u00e9s populars entre la poblaci\u00f3 com s\u00f3n els vertebrats, que compr\u00e8n peixos, amfibis, r\u00e8ptils, ocells i mam\u00edfers.<\/p>\n\n\n\n<p><br>Entre els primers resultats es pot destacar la troballa d\u2019una esp\u00e8cie de fong nova per la ci\u00e8ncia: <em>Psathyrella codinae<\/em>, descrita pels experts de la Societat Micol\u00f2gica<strong> Joaquim Codina de Girona<\/strong>, i que durant els tres anys d\u2019estudi nom\u00e9s es va localitzar en una \u00fanica ocasi\u00f3, el 2017, sobre un tronc de roure p\u00e8nol (<em>Quercus robur<\/em>) del Parc Nou. Per altra banda, una dada impactant \u00e9s que la proliferaci\u00f3 d\u2019un cargol invasor procedent de Nova Zelanda, <em>Potamopyrgus antipodarum<\/em>, ha ocasionat una clara disminuci\u00f3 de les esp\u00e8cies de cargols aqu\u00e0tics aut\u00f2ctons.<\/p>\n\n\n\n<p><br>El veritable valor dels Paratges de la Moixina i el Parc Nou prov\u00e9 de la dada que, tot i ser un territori molt redu\u00eft, de moment ja es t\u00e9 const\u00e0ncia de la pres\u00e8ncia de prop de 2000 esp\u00e8cies, entre les que hi ha prop de <strong>800 plantes vasculars, 359 fongs, 96 l\u00edquens, 62 molses o bri\u00f2fits, 80 mol\u00b7luscs, 40 odonats i 238 heter\u00f2cers i 69 ropal\u00f2cers<\/strong>. Aquesta extraordin\u00e0ria diversitat biol\u00f2gica \u00e9s possible per la varietat i qualitat dels h\u00e0bitats presents, que compr\u00e8n rodals de bosc madur de roure p\u00e8nol, murs de pedra seca, prats humits i fonts i regs amb extensos poblaments de plantes aqu\u00e0tiques, entre d\u2019altres.<\/p>\n\n\n\n<p><br>Per altra banda, en el marc del projecte, s\u2019ha creat una p\u00e0gina web (<a href=\"http:\/\/biodiversitatmoixinaparcnou.consorcisigma.org\/\">http:\/\/biodiversitatmoixinaparcnou.consorcisigma.org\/<\/a>) que ha de servir per posar a disposici\u00f3 de la societat tota la informaci\u00f3 recollida. Aix\u00f2 inclou tant les dades obtingudes en els diversos estudis del mateix projecte com el conjunt de llibres i treballs publicats de forma pr\u00e8via, a m\u00e9s d\u2019enlla\u00e7os a p\u00e0gines web. A la web ja es pot consultar els primers treballs acabats sobre bri\u00f2fits, l\u00edquens i fongs, i durant el 2022 est\u00e0 previst publicar els treballs sobre mol\u00b7luscs, odonats i papallones. A cada treball se li assigna un DOI amb una URL fixa que condueix a un article totalment accessible d&#8217;acord amb la normativa vigent.<\/p>\n\n\n\n<p><br>Es pret\u00e9n que aquesta web sigui un espai interactiu i promoure la ci\u00e8ncia ciutadana, que pot aportar dades interessants m\u00e9s enll\u00e0 de les troballes dels cient\u00edfics i que pot tenir un paper important en la vinculaci\u00f3 i coneixement de la poblaci\u00f3 del territori on viu. En aquest sentit s\u2019han efectuat diverses sortides de recerca obertes al p\u00fablic, amb gran \u00e8xit de participaci\u00f3. La intenci\u00f3 \u00e9s que no sigui un projecte tancat, sin\u00f3 que la informaci\u00f3 es pugui actualitzar a mesura que hi hagi nous coneixements, at\u00e8s que l\u2019objectiu final \u00e9s obtenir un coneixement detallat i garantir la millora i conservaci\u00f3 del patrimoni biol\u00f2gic existent als paratges de la Moixina i al Parc Nou.<\/p>\n\n\n\n<p><br>Totes les actuacions i documents que es generen dins el projecte s\u2019identifiquen amb una marca. La marca \u00e9s fruit d\u2019un proc\u00e9s de selecci\u00f3 de projectes elaborats pels estudiants de 2n Grau de Disseny Gr\u00e0fic de l\u2019Escola Superior de Disseny i Arts Pl\u00e0stiques de Catalunya (Campus Olot). La proposta finalment escollida ha estat la de l\u2019alumna <strong>Roc\u00edo Bueno Hebles<\/strong>.<\/p>\n\n\n\n<div class=\"wp-block-buttons aligncenter is-layout-flex wp-block-buttons-is-layout-flex\">\n<div class=\"wp-block-button is-style-outline is-style-outline--1\"><a class=\"wp-block-button__link has-cyan-bluish-gray-color has-text-color\" href=\"http:\/\/biodiversitatmoixinaparcnou.consorcisigma.org\/?p=1236\">Torna a la noticia<\/a><\/div>\n<\/div>\n","protected":false},"excerpt":{"rendered":"<p>La Moixina i el Parc Nou d\u2019Olot s\u00f3n uns espais amb uns valors patrimonials excepcionals, tant des del punt de [&hellip;]<\/p>\n","protected":false},"author":1,"featured_media":0,"parent":0,"menu_order":0,"comment_status":"closed","ping_status":"closed","template":"","meta":{"footnotes":""},"class_list":["post-1242","page","type-page","status-publish","hentry"],"_links":{"self":[{"href":"http:\/\/biodiversitatmoixinaparcnou.consorcisigma.org\/index.php?rest_route=\/wp\/v2\/pages\/1242","targetHints":{"allow":["GET"]}}],"collection":[{"href":"http:\/\/biodiversitatmoixinaparcnou.consorcisigma.org\/index.php?rest_route=\/wp\/v2\/pages"}],"about":[{"href":"http:\/\/biodiversitatmoixinaparcnou.consorcisigma.org\/index.php?rest_route=\/wp\/v2\/types\/page"}],"author":[{"embeddable":true,"href":"http:\/\/biodiversitatmoixinaparcnou.consorcisigma.org\/index.php?rest_route=\/wp\/v2\/users\/1"}],"replies":[{"embeddable":true,"href":"http:\/\/biodiversitatmoixinaparcnou.consorcisigma.org\/index.php?rest_route=%2Fwp%2Fv2%2Fcomments&post=1242"}],"version-history":[{"count":2,"href":"http:\/\/biodiversitatmoixinaparcnou.consorcisigma.org\/index.php?rest_route=\/wp\/v2\/pages\/1242\/revisions"}],"predecessor-version":[{"id":1248,"href":"http:\/\/biodiversitatmoixinaparcnou.consorcisigma.org\/index.php?rest_route=\/wp\/v2\/pages\/1242\/revisions\/1248"}],"wp:attachment":[{"href":"http:\/\/biodiversitatmoixinaparcnou.consorcisigma.org\/index.php?rest_route=%2Fwp%2Fv2%2Fmedia&parent=1242"}],"curies":[{"name":"wp","href":"https:\/\/api.w.org\/{rel}","templated":true}]}}