{"id":22,"date":"2020-12-16T21:30:27","date_gmt":"2020-12-16T19:30:27","guid":{"rendered":"http:\/\/biodiversitatmoixinaparcnou.consorcisigma.org\/?page_id=22"},"modified":"2026-04-01T11:57:03","modified_gmt":"2026-04-01T09:57:03","slug":"especies","status":"publish","type":"page","link":"http:\/\/biodiversitatmoixinaparcnou.consorcisigma.org\/?page_id=22","title":{"rendered":"Esp\u00e8cies"},"content":{"rendered":"\n<p>Selecciona el grup d&#8217;organismes per veure totes les esp\u00e8cies<\/p>\n\n\n\n<p><strong>Bri\u00f2fits<\/strong> (<a href=\"http:\/\/biodiversitatmoixinaparcnou.consorcisigma.org\/?page_id=947\" target=\"_blank\" rel=\"noreferrer noopener\">llistat<\/a>)<\/p>\n\n\n\n<p><strong>L\u00edquens<\/strong> (<a href=\"http:\/\/biodiversitatmoixinaparcnou.consorcisigma.org\/?page_id=1084\" target=\"_blank\" rel=\"noreferrer noopener\">llistat<\/a>)<\/p>\n\n\n\n<p><strong>Fongs<\/strong> (<a href=\"http:\/\/biodiversitatmoixinaparcnou.consorcisigma.org\/?page_id=1117\" target=\"_blank\" rel=\"noreferrer noopener\">llistat<\/a>)<\/p>\n\n\n\n<p><strong>Odonats<\/strong> (<a href=\"http:\/\/biodiversitatmoixinaparcnou.consorcisigma.org\/?page_id=1207\" target=\"_blank\" rel=\"noreferrer noopener\">llistat<\/a>)<\/p>\n\n\n\n<p><strong>Lepid\u00f2pters heter\u00f2cers<\/strong> (<a href=\"http:\/\/biodiversitatmoixinaparcnou.consorcisigma.org\/?page_id=1350\" target=\"_blank\" rel=\"noreferrer noopener\">llistat<\/a>)<\/p>\n\n\n\n<p><strong>Mol\u00b7luscs<\/strong> (<a href=\"http:\/\/biodiversitatmoixinaparcnou.consorcisigma.org\/?page_id=1428\">llistat<\/a>)<br><\/p>\n\n\n\n<div style=\"height:50px\" aria-hidden=\"true\" class=\"wp-block-spacer\"><\/div>\n\n\n<div class=\"wp-block-image\">\n<figure class=\"aligncenter size-large\"><img loading=\"lazy\" decoding=\"async\" width=\"1024\" height=\"528\" src=\"http:\/\/biodiversitatmoixinaparcnou.consorcisigma.org\/wp-content\/uploads\/2026\/04\/NumTax4-1024x528.jpg\" alt=\"\" class=\"wp-image-1528\" srcset=\"http:\/\/biodiversitatmoixinaparcnou.consorcisigma.org\/wp-content\/uploads\/2026\/04\/NumTax4-1024x528.jpg 1024w, http:\/\/biodiversitatmoixinaparcnou.consorcisigma.org\/wp-content\/uploads\/2026\/04\/NumTax4-300x155.jpg 300w, http:\/\/biodiversitatmoixinaparcnou.consorcisigma.org\/wp-content\/uploads\/2026\/04\/NumTax4-768x396.jpg 768w, http:\/\/biodiversitatmoixinaparcnou.consorcisigma.org\/wp-content\/uploads\/2026\/04\/NumTax4-1536x791.jpg 1536w, http:\/\/biodiversitatmoixinaparcnou.consorcisigma.org\/wp-content\/uploads\/2026\/04\/NumTax4-2048x1055.jpg 2048w, http:\/\/biodiversitatmoixinaparcnou.consorcisigma.org\/wp-content\/uploads\/2026\/04\/NumTax4-720x371.jpg 720w\" sizes=\"auto, (max-width: 1024px) 100vw, 1024px\" \/><\/figure>\n<\/div>\n\n\n<p><\/p>\n","protected":false},"excerpt":{"rendered":"<p>Selecciona el grup d&#8217;organismes per veure totes les esp\u00e8cies Bri\u00f2fits (llistat) L\u00edquens (llistat) Fongs (llistat) Odonats (llistat) Lepid\u00f2pters heter\u00f2cers (llistat) [&hellip;]<\/p>\n","protected":false},"author":1,"featured_media":0,"parent":0,"menu_order":0,"comment_status":"closed","ping_status":"closed","template":"page-templates\/template_fullwidth.php","meta":{"footnotes":""},"class_list":["post-22","page","type-page","status-publish","hentry"],"_links":{"self":[{"href":"http:\/\/biodiversitatmoixinaparcnou.consorcisigma.org\/index.php?rest_route=\/wp\/v2\/pages\/22","targetHints":{"allow":["GET"]}}],"collection":[{"href":"http:\/\/biodiversitatmoixinaparcnou.consorcisigma.org\/index.php?rest_route=\/wp\/v2\/pages"}],"about":[{"href":"http:\/\/biodiversitatmoixinaparcnou.consorcisigma.org\/index.php?rest_route=\/wp\/v2\/types\/page"}],"author":[{"embeddable":true,"href":"http:\/\/biodiversitatmoixinaparcnou.consorcisigma.org\/index.php?rest_route=\/wp\/v2\/users\/1"}],"replies":[{"embeddable":true,"href":"http:\/\/biodiversitatmoixinaparcnou.consorcisigma.org\/index.php?rest_route=%2Fwp%2Fv2%2Fcomments&post=22"}],"version-history":[{"count":98,"href":"http:\/\/biodiversitatmoixinaparcnou.consorcisigma.org\/index.php?rest_route=\/wp\/v2\/pages\/22\/revisions"}],"predecessor-version":[{"id":1530,"href":"http:\/\/biodiversitatmoixinaparcnou.consorcisigma.org\/index.php?rest_route=\/wp\/v2\/pages\/22\/revisions\/1530"}],"wp:attachment":[{"href":"http:\/\/biodiversitatmoixinaparcnou.consorcisigma.org\/index.php?rest_route=%2Fwp%2Fv2%2Fmedia&parent=22"}],"curies":[{"name":"wp","href":"https:\/\/api.w.org\/{rel}","templated":true}]}}