{"id":761,"date":"2021-04-07T17:31:05","date_gmt":"2021-04-07T15:31:05","guid":{"rendered":"http:\/\/biodiversitatmoixinaparcnou.consorcisigma.org\/?page_id=761"},"modified":"2024-03-20T18:20:21","modified_gmt":"2024-03-20T16:20:21","slug":"resum-cataleg-dels-briofits-de-la-moixina-i-del-parc-nou","status":"publish","type":"page","link":"http:\/\/biodiversitatmoixinaparcnou.consorcisigma.org\/?page_id=761","title":{"rendered":""},"content":{"rendered":"\n<h2 class=\"wp-block-heading\">Cat\u00e0leg dels bri\u00f2fits de la Moixina i del Parc Nou<\/h2>\n\n\n\n<p><strong>Miquel Jover Benjumea<\/strong><br><br>Grup de Flora i Vegetaci\u00f3, Departament de Ci\u00e8ncies Ambientals, Universitat de Girona<\/p>\n\n\n\n<div class=\"wp-block-columns is-layout-flex wp-container-core-columns-is-layout-9d6595d7 wp-block-columns-is-layout-flex\">\n<div class=\"wp-block-column is-vertically-aligned-top is-layout-flow wp-block-column-is-layout-flow\">\n<div class=\"wp-block-columns is-layout-flex wp-container-core-columns-is-layout-9d6595d7 wp-block-columns-is-layout-flex\">\n<div class=\"wp-block-column is-layout-flow wp-block-column-is-layout-flow\">\n<p><strong>Resum<\/strong><br>Es presenta el cat\u00e0leg de les esp\u00e8cies de bri\u00f2fits que es fan a l\u2019\u00e0mbit de la Moixina i el Parc Nou d\u2019Olot, a partir tant del treball de camp com d\u2019un buidatge bibliogr\u00e0fic. En total s\u2019han trobat 61 t\u00e0xons de bri\u00f2fits, dels quals 47 s\u00f3n molses i 14 hep\u00e0tiques. El grup d\u2019h\u00e0bitats que ha mostrat m\u00e9s riquesa taxon\u00f2mica \u00e9s el dels boscos, si b\u00e9 els ambients rup\u00edcoles tamb\u00e9 han mostrat una notable riquesa, especialment les parets i els murs de pedra seca. Destaca la troballa de <em>Bryum gemmiferum<\/em>, esp\u00e8cie que no est\u00e0 inclosa en la checklist de bri\u00f2fits de Catalunya de l\u2019any 2019.<\/p>\n<p><strong>Abstract<\/strong><br>We present here an updated catalogue of the bryophyte flora of La Moixina-Parc Nou, a marshy wood located near the city of Olot. This list is based on fieldwork and a literature search, and includes a total of 61 species of bryophytes, of which 47 are mosses and 14 liverworts. The woodland is the taxonomically richest habi tat, although the rocky environments \u2013and above all the dry-stone walls\u2013 are also species-rich. The discovery of <em>Bryum gemmiferum<\/em>, a species that does not appear on the 2019 Checklist of the Bryophytes of Catalonia, is of great interest.<\/p>\n<p><strong>Citaci\u00f3<br><\/strong><span style=\"font-variant: small-caps;\">Jover Benjumea, M.<\/span> (2020). <em>Cat\u00e0leg dels bri\u00f2fits de la Moixina i del Parc Nou.<\/em> Olot: Consorci de Medi Ambient i Salut P\u00fablica de la Garrotxa, SIGMA; Ajuntament d\u2019Olot; Parc Natural de la Zona Volc\u00e0nica de la Garrotxa. 26 p. (Cat\u00e0leg de biodiversitat dels paratges de la Moixina i del Parc Nou (Olot, la Garrotxa)). DOI: <a href=\"https:\/\/doi.org\/10.2436\/10.8080.03.1\" target=\"_blank\" rel=\"noreferrer noopener\">https:\/\/doi.org\/10.2436\/10.8080.03.1<\/a><\/p>\n<\/div>\n\n\n\n<div class=\"wp-block-column is-layout-flow wp-block-column-is-layout-flow\">\n<div class=\"wp-block-buttons aligncenter is-layout-flex wp-block-buttons-is-layout-flex\">\n<div class=\"wp-block-button is-style-outline is-style-outline--1\"><a class=\"wp-block-button__link has-cyan-bluish-gray-color has-text-color\" href=\"http:\/\/biodiversitatmoixinaparcnou.consorcisigma.org\/?page_id=839\" target=\"_blank\" rel=\"noreferrer noopener\">Veure l&#8217;article<\/a><\/div>\n<\/div>\n\n\n\n<div class=\"wp-block-buttons aligncenter is-layout-flex wp-block-buttons-is-layout-flex\">\n<div class=\"wp-block-button is-style-outline is-style-outline--2\"><a class=\"wp-block-button__link has-cyan-bluish-gray-color has-text-color\" href=\"http:\/\/biodiversitatmoixinaparcnou.consorcisigma.org\/wp-content\/uploads\/2022\/07\/Moixina_cataleg_briofits.pdf\" target=\"_blank\" rel=\"noreferrer noopener\">Descarregar el PDF<\/a><\/div>\n<\/div>\n\n\n\n<div class=\"wp-block-image\"><figure class=\"aligncenter size-full is-resized\"><a href=\"http:\/\/biodiversitatmoixinaparcnou.consorcisigma.org\/wp-content\/uploads\/2022\/07\/Moixina_cataleg_briofits.pdf\" target=\"_blank\" rel=\"noopener\"><img loading=\"lazy\" decoding=\"async\" src=\"http:\/\/biodiversitatmoixinaparcnou.consorcisigma.org\/wp-content\/uploads\/2021\/03\/Captura-de-Pantalla-2021-03-02-a-les-16.13.13.png\" alt=\"\" class=\"wp-image-440\" width=\"377\" height=\"549\" srcset=\"http:\/\/biodiversitatmoixinaparcnou.consorcisigma.org\/wp-content\/uploads\/2021\/03\/Captura-de-Pantalla-2021-03-02-a-les-16.13.13.png 503w, http:\/\/biodiversitatmoixinaparcnou.consorcisigma.org\/wp-content\/uploads\/2021\/03\/Captura-de-Pantalla-2021-03-02-a-les-16.13.13-206x300.png 206w\" sizes=\"auto, (max-width: 377px) 100vw, 377px\" \/><\/a><\/figure><\/div>\n<\/div>\n<\/div>\n<\/div>\n<\/div>\n\n\n\n<h2 class=\"wp-block-heading\">Catalogaci\u00f3 de la diversitat de l\u00edquens presents a la Moixina i el Parc Nou (Olot, la Garrotxa)<\/h2>\n\n\n\n<p><strong>Esteve Llop<\/strong><\/p>\n\n\n\n<div class=\"wp-block-columns is-layout-flex wp-container-core-columns-is-layout-9d6595d7 wp-block-columns-is-layout-flex\">\n<div class=\"wp-block-column is-layout-flow wp-block-column-is-layout-flow\" style=\"flex-basis:100%\">\n<div class=\"wp-block-columns is-layout-flex wp-container-core-columns-is-layout-9d6595d7 wp-block-columns-is-layout-flex\">\n<div class=\"wp-block-column is-layout-flow wp-block-column-is-layout-flow\">\n<p><strong>Resum<\/strong><br>El cat\u00e0leg dels l\u00edquens dels paratges de la Moixina i el Parc Nou (Olot, la Garrotxa) est\u00e0 integrat actualment per 96 taxons, tots identificats en la categoria d\u2019esp\u00e8cie. Cal destacar la pres\u00e8ncia de 14 esp\u00e8cies que s\u00f3n noves aportacions per al cat\u00e0leg dels l\u00edquens de la Garrotxa. Cap de les esp\u00e8cies observades est\u00e0 inclosa en el Cat\u00e0leg de flora amena\u00e7ada de Catalunya. En el conjunt d\u2019esp\u00e8cies hi dominen les epif\u00edtiques, que viuen sobre l\u2019escor\u00e7a dels arbres, que s\u00f3n el 58%. Les esp\u00e8cies sax\u00edcoles, que viuen sobre les roques, representen gaireb\u00e9 un ter\u00e7 del total. \u00c9s interessant la troballa d\u2019esp\u00e8cies foli\u00edcoles damunt del gr\u00e8vol (<em>Ilex aquifolium<\/em>). [&#8230;]<\/p>\n\n\n\n<p><strong>Abstract<\/strong><br>The catalogue of lichens from the La Moixina and Parc Nou (Olot, La Garrotxa) consists of 96 taxa, all identified to species level. Of them, 14 species are additions to the checklist of lichens of La Garrotxa. None of the identified species is included in the Catalan Catalogue of Threatened Flora. Epiphytic lichens growing on tree bark dominate and represent 58% of the species identified, while saxicolous species growing on rocks account for one third. Of interest is the finding of foliicolous species on leaves of holly trees (<em>Ilex aquifolium<\/em>). [\u2026]<\/p>\n\n\n\n<p><strong>Citaci\u00f3<\/strong><br>Llop, Esteve (2021). <em>Catalogaci\u00f3 de la diversitat de l\u00edquens presents a la Moixina i el Parc Nou (Olot, la Garrotxa).<\/em> Olot: Consorci de Medi Ambient i Salut P\u00fablica de la Garrotxa, SIGMA; Ajuntament d\u2019Olot; Parc Natural de la Zona Volc\u00e0nica de la Garrotxa. 40 p. (Cat\u00e0leg de biodiversitat dels paratges de la Moixina i del Parc Nou (Olot, la Garrotxa)).<br>DOI: <a href=\"https:\/\/doi.org\/10.2436\/10.8080.03.3\" target=\"_blank\" rel=\"noreferrer noopener\">https:\/\/doi.org\/10.2436\/10.8080.03.3<\/a><br><\/p>\n<\/div>\n\n\n\n<div class=\"wp-block-column is-layout-flow wp-block-column-is-layout-flow\">\n<div class=\"wp-block-buttons aligncenter is-layout-flex wp-block-buttons-is-layout-flex\">\n<div class=\"wp-block-button is-style-outline is-style-outline--3\"><a class=\"wp-block-button__link has-cyan-bluish-gray-color has-text-color\" href=\"http:\/\/biodiversitatmoixinaparcnou.consorcisigma.org\/?page_id=1073\">Veure l&#8217;article<\/a><\/div>\n<\/div>\n\n\n\n<div class=\"wp-block-buttons aligncenter is-layout-flex wp-block-buttons-is-layout-flex\">\n<div class=\"wp-block-button is-style-outline is-style-outline--4\"><a class=\"wp-block-button__link has-cyan-bluish-gray-color has-text-color\" href=\"http:\/\/biodiversitatmoixinaparcnou.consorcisigma.org\/wp-content\/uploads\/2022\/07\/Moixina_cataleg_liquens.pdf\">Descarregar el PDF<\/a><\/div>\n<\/div>\n\n\n\n<div class=\"wp-block-image\"><figure class=\"aligncenter size-full is-resized\"><a href=\"http:\/\/biodiversitatmoixinaparcnou.consorcisigma.org\/wp-content\/uploads\/2022\/07\/Moixina_cataleg_liquens.pdf\"><img loading=\"lazy\" decoding=\"async\" src=\"http:\/\/biodiversitatmoixinaparcnou.consorcisigma.org\/wp-content\/uploads\/2021\/11\/moixina02-llop-1.jpg\" alt=\"\" class=\"wp-image-1058\" width=\"377\" height=\"549\"\/><\/a><\/figure><\/div>\n<\/div>\n<\/div>\n<\/div>\n<\/div>\n\n\n\n<h2 class=\"wp-block-heading\">Estudi de la micoflora dels parcs periurbans de la ciutat d\u2019Olot: Parc Nou, la Moixina i la Deu<\/h2>\n\n\n\n<p><strong>Joaquim Carb\u00f3, Miquel \u00c0ngel P\u00e9rez-De-Gregorio, Carles Roqu\u00e9<\/strong> <strong>i \u00c0ngel Torrent<\/strong><\/p>\n\n\n\n<div class=\"wp-block-columns is-layout-flex wp-container-core-columns-is-layout-9d6595d7 wp-block-columns-is-layout-flex\">\n<div class=\"wp-block-column is-layout-flow wp-block-column-is-layout-flow\">\n<p><strong>Resum<\/strong><br>En aquest treball es presenten els resultats m\u00e9s rellevants de l\u2019estudi de diversitat de fongs realitzat entre els anys 2017 i 2019 en els parcs periurbans d\u2019Olot, concretament, al Parc Nou i a la zona de la Moixina i la Deu. En el moment de cloure l\u2019estudi, s\u2019havien catalogat 239 esp\u00e8cies f\u00fangiques a la zona del Parc Nou, i 232 a la zona de la Deu, la Moixina i Can Maica; per tant, s\u00f3n 353, en total, les esp\u00e8cies diferents de fongs observades en el conjunt dels parcs periurbans olotins. A m\u00e9s d\u2019aquestes 353 esp\u00e8cies de fongs, tamb\u00e9 cal afegir-hi 5 esp\u00e8cies de mixomicets o micetozous (regne Protista) que, tot i no ser fongs, sempre han estat estudiats pels mic\u00f2legs. [\u2026]<\/p>\n\n\n\n<p><strong>Abstract<\/strong><br>This work presents the most relevant results of a study of fungal diversity carried out between 2017 and 2019 in the periurban parks of Olot. Specifically, the study was carried out in El Parc Nou and in the area of La Moixina and La Deu. By the end of the study, 239 different species of fungi had been identified in El Parc Nou and 232 in La Deu, La Moixina and Can Maica. The total number of different species in these periurban parks was 353. In addition to these species, we also detected five species of myxomycetes or mycetozoa (Protist kingdom), which, although not fungi, have always been studied by mycologists. [\u2026]<\/p>\n\n\n\n<p><strong><strong>Citaci\u00f3<\/strong><\/strong><br>Carb\u00f3, J.; P\u00e9rez-De-Gregorio, M.\u00c0.; Roqu\u00e9, C.; Torrent, \u00c0 . (2020). Estudi de la micoflora dels parcs periurbans de la ciutat d\u2019Olot: Parc Nou, la Moixina i la Deu. Olot: Consorci de Medi Ambient i Salut P\u00fablica de la Garrotxa, SIGMA; Ajuntament d\u2019Olot; Parc Natural de la Zona Volc\u00e0nica de la Garrotxa. 72 p. (Cat\u00e0leg de biodiversitat dels paratges de la Moixina i del Parc Nou (Olot, la Garrotxa)).<br>DOI: <a href=\"https:\/\/doi.org\/10.2436\/10.8080.03.2\">https:\/\/doi.org\/10.2436\/10.8080.03.2<\/a><\/p>\n<\/div>\n\n\n\n<div class=\"wp-block-column is-layout-flow wp-block-column-is-layout-flow\">\n<div class=\"wp-block-buttons aligncenter is-layout-flex wp-block-buttons-is-layout-flex\">\n<div class=\"wp-block-button is-style-outline is-style-outline--5\"><a class=\"wp-block-button__link has-cyan-bluish-gray-color has-text-color\" href=\"http:\/\/biodiversitatmoixinaparcnou.consorcisigma.org\/?page_id=1135\">Veure l&#8217;article<\/a><\/div>\n<\/div>\n\n\n\n<div class=\"wp-block-buttons aligncenter is-layout-flex wp-block-buttons-is-layout-flex\">\n<div class=\"wp-block-button is-style-outline is-style-outline--6\"><a class=\"wp-block-button__link has-cyan-bluish-gray-color has-text-color\" href=\"http:\/\/biodiversitatmoixinaparcnou.consorcisigma.org\/wp-content\/uploads\/2022\/07\/Moixina_cataleg_fongs.pdf\">Descarregar el PDF<\/a><\/div>\n<\/div>\n\n\n\n<div class=\"wp-block-image\"><figure class=\"aligncenter size-full is-resized\"><a href=\"http:\/\/biodiversitatmoixinaparcnou.consorcisigma.org\/wp-content\/uploads\/2022\/07\/Moixina_cataleg_fongs.pdf\"><img loading=\"lazy\" decoding=\"async\" src=\"http:\/\/biodiversitatmoixinaparcnou.consorcisigma.org\/wp-content\/uploads\/2022\/02\/portada-article-fongs-1.png\" alt=\"\" class=\"wp-image-1147\" width=\"377\" height=\"549\"\/><\/a><\/figure><\/div>\n<\/div>\n<\/div>\n\n\n\n<h2 class=\"wp-block-heading\">Cat\u00e0leg dels odonats de la Moixina i del Parc Nou<\/h2>\n\n\n\n<p><strong><strong>Michael Lockwood<\/strong><\/strong><br><br>Delegaci\u00f3 de la Garrotxa de la Instituci\u00f3 Catalana d\u2019Hist\u00f2ria Natural<\/p>\n\n\n\n<div class=\"wp-block-columns is-layout-flex wp-container-core-columns-is-layout-9d6595d7 wp-block-columns-is-layout-flex\">\n<div class=\"wp-block-column is-layout-flow wp-block-column-is-layout-flow\">\n<p><strong>Resum<\/strong><br>Es presenta un cat\u00e0leg comentat de les lib\u00e8l\u00b7lules (Odonata) de la Moixina i el Parc Nou (Olot, la Garrotxa), elaborat a partir de treball de camp i d\u2019un buidatge bibliogr\u00e0fic. En total, s\u2019hi han detectat 40 esp\u00e8cies, de les qual 19 s\u00f3n citades nom\u00e9s molt ocasionalment. Aix\u00ed, la comunitat de lib\u00e8l\u00b7lules de la Moixina cont\u00e9 21 esp\u00e8cies que s\u2019hi reprodueixen de forma regular. Es remarca que els tres h\u00e0bitats principals a la zona s\u00f3n els recs, les basses d\u2019en Broc i els camps i marges de bosc, i es comenta que, de les esp\u00e8cies regulars, totes les que tenen un \u00edndex de vulnerabilitat m\u00e9s alt a Catalunya (IVOC) freq\u00fcenten els recs. [\u2026]<\/p>\n<p><strong>Abstract<\/strong><br>Fieldwork and a literature review enabled a catalogue of the damselflies and dragonflies of La Moixina (Olot, Catalonia), and Parc Nou (Olot) to be compiled. In all, 40 species have been detected in this area, of which 19 are only occasional visitors. The remaining 21 species breed or are observed regularly in the area\u2019s three main habitats, the canals, the ponds and in the meadows and on woodland edges. Using an index of vulnerability for Catalan dragonflies (IVOC), it becomes clear that the most threatened species are all linked to the canals, of which <em>Calopteryx virgo<\/em> and <em>Boyeria irene<\/em> are good examples. [\u2026]<\/p>\n<p><strong>Citaci\u00f3<br><\/strong>Lockwood, M. (2022). <em>Cat\u00e0leg dels odonats de la Moixina i del Parc Nou<\/em>. Olot: Consorci de Medi Ambient i Salut P\u00fablica de la Garrotxa, SIGMA; Ajuntament d\u2019Olot; Parc Natural de la Zona Volc\u00e0nica de la Garrotxa. 19 p. (Cat\u00e0leg de biodiversitat dels paratges de la Moixina i del Parc Nou (Olot, la Garrotxa)).<br>DOI: <a href=\"https:\/\/doi.org\/10.2436\/10.8080.03.4&nbsp;\" target=\"_blank\" rel=\"noopener\">https:\/\/doi.org\/10.2436\/10.8080.03.4 <\/a><\/p>\n<\/div>\n\n\n\n<div class=\"wp-block-column is-layout-flow wp-block-column-is-layout-flow\">\n<div class=\"wp-block-buttons aligncenter is-layout-flex wp-block-buttons-is-layout-flex\">\n<div class=\"wp-block-button is-style-outline is-style-outline--7\"><a class=\"wp-block-button__link has-cyan-bluish-gray-color has-text-color\" href=\"http:\/\/biodiversitatmoixinaparcnou.consorcisigma.org\/?page_id=1201\" target=\"_blank\" rel=\"noreferrer noopener\">Veure l&#8217;article<\/a><\/div>\n<\/div>\n\n\n\n<div class=\"wp-block-buttons aligncenter is-layout-flex wp-block-buttons-is-layout-flex\">\n<div class=\"wp-block-button is-style-outline is-style-outline--8\"><a class=\"wp-block-button__link has-cyan-bluish-gray-color has-text-color\" href=\"http:\/\/biodiversitatmoixinaparcnou.consorcisigma.org\/wp-content\/uploads\/2022\/07\/Moixina_cataleg_odonats.pdf\" target=\"_blank\" rel=\"noreferrer noopener\">Descarregar el PDF<\/a><\/div>\n<\/div>\n\n\n\n<div class=\"wp-block-image\"><figure class=\"aligncenter size-full is-resized\"><a href=\"http:\/\/biodiversitatmoixinaparcnou.consorcisigma.org\/wp-content\/uploads\/2022\/07\/Moixina_cataleg_odonats.pdf\"><img loading=\"lazy\" decoding=\"async\" src=\"http:\/\/biodiversitatmoixinaparcnou.consorcisigma.org\/wp-content\/uploads\/2022\/07\/portada-article.jpg\" alt=\"\" class=\"wp-image-1186\" width=\"377\" height=\"549\"\/><\/a><\/figure><\/div>\n<\/div>\n<\/div>\n\n\n\n<p><\/p>\n\n\n\n<h2 class=\"wp-block-heading\">Aportaci\u00f3 al cat\u00e0leg dels heter\u00f2cers (Lepidoptera) dels paratges de la Moixina i el Parc Nou d\u2019Olot (Zona Volc\u00e0nica de la Garrotxa)<\/h2>\n\n\n\n<p><strong><strong>Jordi Dantart<\/strong><\/strong><br><br>Societat Catalana de Lepidopterologia<\/p>\n\n\n\n<div class=\"wp-block-columns is-layout-flex wp-container-core-columns-is-layout-9d6595d7 wp-block-columns-is-layout-flex\">\n<div class=\"wp-block-column is-layout-flow wp-block-column-is-layout-flow\">\n<p><strong>Resum<\/strong><br>Entre els anys 2018 i 2021 es van prospectar els heter\u00f2cers (macro i microlepid\u00f2pters) dels paratges de la Moixina i el Parc Nou d\u2019Olot, situats dins del Parc Natural de la Zona Volc\u00e0nica de la Garrotxa. Aquests espais naturals van ser visitats en dotze ocasions, distribu\u00efdes entre abril i novembre, fent servir paranys de llum de tipus Heath i l\u00e0mpades de vapor de mercuri per recollir les mostres. En aquest treball es presenten els resultats globals que inclouen 444 esp\u00e8cies. D\u2019aquestes, cinc se citen per primer cop a la pen\u00ednsula ib\u00e8rica: <em>Eudarcia richardsoni<\/em> (Wlgm) (Meessiidae), <em>Infurcitinea gaedikella<\/em> Nel (Tineidae), <em>Elachista gleichenella<\/em> (F.) (Elachistidae), [\u2026]<\/p>\n\n\n\n<p><strong>Abstract<\/strong><br>A survey of the moths (Macro- and Microlepidoptera) of two sites in La Garrotxa Volcanic Zone Natural Park, La Moixina and Parc Nou, in the city of Olot was performed in 2018\u20132021. On 12 nights from April to November Heath light traps and mercury vapour bulbs powered by an electric generator were set up to collect samples. In this paper the results of this study are presented, including a catalogue of 444 identified species. Five species were recorded for the first time in the Iberian Peninsula: <em>Eudarcia richardsoni<\/em> (Wlgm) (Meessiidae), <em>Infurcitinea gaedikella<\/em> Nel (Tineidae), <em>Elachista gleichenella<\/em> (F.) (Elachistidae), [\u2026]<\/p>\n\n\n\n<p><strong><strong>Citaci\u00f3<\/strong><\/strong><br>Dantart, Jordi (2023). <em>Aportaci\u00f3 al cat\u00e0leg dels heter\u00f2cers (Lepidoptera) dels paratges de la Moixina i el Parc Nou d\u2019Olot (Zona Volc\u00e0nica de la Garrotxa). Olot: Consorci de Medi Ambient i Salut P\u00fablica de la Garrotxa, SIGMA; Ajuntament d\u2019Olot; Parc Natural de la Zona Volc\u00e0nica de la Garrotxa. 79 p\u00e0gines. (Cat\u00e0leg de biodiversitat dels paratges de la Moixina i del Parc Nou (Olot, la Garrotxa)).<\/em><\/p>\n\n\n\n<p>DOI: <a href=\"https:\/\/doi.org\/10.57645\/10.8080.03.2\">https:\/\/doi.org\/10.57645\/10.8080.03.2<\/a>&nbsp;<\/p>\n\n\n\n<p><\/p>\n<\/div>\n\n\n\n<div class=\"wp-block-column is-layout-flow wp-block-column-is-layout-flow\">\n<div class=\"wp-block-buttons aligncenter is-layout-flex wp-block-buttons-is-layout-flex\">\n<div class=\"wp-block-button is-style-outline is-style-outline--9\"><a class=\"wp-block-button__link has-cyan-bluish-gray-color has-text-color\" href=\"http:\/\/biodiversitatmoixinaparcnou.consorcisigma.org\/?page_id=1366\" target=\"_blank\" rel=\"noreferrer noopener\">Veure l&#8217;article<\/a><\/div>\n<\/div>\n\n\n\n<div class=\"wp-block-buttons aligncenter is-layout-flex wp-block-buttons-is-layout-flex\">\n<div class=\"wp-block-button is-style-outline is-style-outline--10\"><a class=\"wp-block-button__link has-cyan-bluish-gray-color has-text-color\" href=\"http:\/\/biodiversitatmoixinaparcnou.consorcisigma.org\/wp-content\/uploads\/2024\/03\/20240306-moixina05-arnes.pdf\">Descarregar el PDF<\/a><\/div>\n<\/div>\n\n\n\n<div class=\"wp-block-image\"><figure class=\"aligncenter size-large\"><a href=\"http:\/\/biodiversitatmoixinaparcnou.consorcisigma.org\/?page_id=1366\"><img loading=\"lazy\" decoding=\"async\" width=\"713\" height=\"1022\" src=\"http:\/\/biodiversitatmoixinaparcnou.consorcisigma.org\/wp-content\/uploads\/2024\/03\/captura-moixina05-arnes.png\" alt=\"\" class=\"wp-image-1362\" srcset=\"http:\/\/biodiversitatmoixinaparcnou.consorcisigma.org\/wp-content\/uploads\/2024\/03\/captura-moixina05-arnes.png 713w, http:\/\/biodiversitatmoixinaparcnou.consorcisigma.org\/wp-content\/uploads\/2024\/03\/captura-moixina05-arnes-209x300.png 209w\" sizes=\"auto, (max-width: 713px) 100vw, 713px\" \/><\/a><\/figure><\/div>\n<\/div>\n<\/div>\n\n\n\n<h2 class=\"wp-block-heading\">Els mol\u00b7luscs dels paratges de la Moixina i del Parc Nou<\/h2>\n\n\n\n<p><strong><strong>Jordi Nebot Ob\u00f3n<\/strong><\/strong><br><br>Delegaci\u00f3 de la Garrotxa de la Instituci\u00f3 Catalana d\u2019Hist\u00f2ria Natural<\/p>\n\n\n\n<div class=\"wp-block-columns is-layout-flex wp-container-core-columns-is-layout-9d6595d7 wp-block-columns-is-layout-flex\">\n<div class=\"wp-block-column is-layout-flow wp-block-column-is-layout-flow\">\n<p><strong>Resum<\/strong><br>L\u2019objectiu d\u2019aquest treball \u00e9s catalogar el conjunt d\u2019esp\u00e8cies de mol\u00b7luscs presents o que han estat citats als paratges de la Moixina i al Parc Nou, al municipi d\u2019Olot (Garrotxa), a partir del treball de camp realitzat durant els anys 2019 i 2020, de la revisi\u00f3 de col\u00b7leccions i del buidatge bibliogr\u00e0fic. La varietat d\u2019ambients presents a la zona d\u2019estudi, periurbans, conreus o zones boscoses, i la diversitat de medis aqu\u00e0tics com ara fonts, recs, basses i aiguamolls, han perm\u00e8s catalogar un total de 80 esp\u00e8cies.<\/p>\n\n\n\n<p><strong>Abstract<\/strong><br>The aim of this work was to catalogue the mollusc species found in or previously recorded from two sites, La Moixina and Parc Nou, in the city of Olot (Garrotxa). It is based on fieldwork carried out in 2019 and 2020, a revision of collections and a bibliographic search. The variety of environments present in the study area, periurban habitats, farmland and woodlands, as well as the diversity of aquatic environments including springs, streams, ponds and marshland, help explain the diversity found in the catalogue of 80 species.<\/p>\n\n\n\n<p><strong><strong>Citaci\u00f3<\/strong><\/strong><br>Nebot Ob\u00f3n, J. (2023). Cat\u00e0leg dels mol\u00b7luscs dels paratges de la Moixina i del Parc Nou. Olot: Consorci de Medi Ambient i Salut P\u00fablica de la Garrotxa, SIGMA; Ajuntament d\u2019Olot; Parc Natural de la Zona Volc\u00e0nica de la Garrotxa. 34 p. (Cat\u00e0leg de biodiversitat dels paratges de la Moixina i del Parc Nou. Olot, la Garrotxa).<\/p>\n\n\n\n<p>DOI: <a href=\"https:\/\/doi.org\/10.57645\/10.8080.03.1\">https:\/\/doi.org\/10.57645\/10.8080.03.1<\/a><\/p>\n<\/div>\n\n\n\n<div class=\"wp-block-column is-layout-flow wp-block-column-is-layout-flow\">\n<div class=\"wp-block-buttons aligncenter is-layout-flex wp-block-buttons-is-layout-flex\">\n<div class=\"wp-block-button is-style-outline is-style-outline--11\"><a class=\"wp-block-button__link has-cyan-bluish-gray-color has-text-color\" href=\"http:\/\/biodiversitatmoixinaparcnou.consorcisigma.org\/?page_id=1421\" target=\"_blank\" rel=\"noreferrer noopener\">Veure l&#8217;article<\/a><\/div>\n<\/div>\n\n\n\n<div class=\"wp-block-buttons aligncenter is-layout-flex wp-block-buttons-is-layout-flex\">\n<div class=\"wp-block-button is-style-outline is-style-outline--12\"><a class=\"wp-block-button__link has-cyan-bluish-gray-color has-text-color\" href=\"http:\/\/biodiversitatmoixinaparcnou.consorcisigma.org\/wp-content\/uploads\/2024\/03\/moixina06-molluscs.pdf\">Descarregar el PDF<\/a><\/div>\n<\/div>\n\n\n\n<div class=\"wp-block-image\"><figure class=\"aligncenter size-large\"><a href=\"http:\/\/biodiversitatmoixinaparcnou.consorcisigma.org\/?page_id=1421\"><img loading=\"lazy\" decoding=\"async\" width=\"720\" height=\"1024\" src=\"http:\/\/biodiversitatmoixinaparcnou.consorcisigma.org\/wp-content\/uploads\/2024\/03\/moixina06-molluscs-portada-720x1024.png\" alt=\"\" class=\"wp-image-1414\" srcset=\"http:\/\/biodiversitatmoixinaparcnou.consorcisigma.org\/wp-content\/uploads\/2024\/03\/moixina06-molluscs-portada-720x1023.png 720w, http:\/\/biodiversitatmoixinaparcnou.consorcisigma.org\/wp-content\/uploads\/2024\/03\/moixina06-molluscs-portada-211x300.png 211w, http:\/\/biodiversitatmoixinaparcnou.consorcisigma.org\/wp-content\/uploads\/2024\/03\/moixina06-molluscs-portada-768x1092.png 768w, http:\/\/biodiversitatmoixinaparcnou.consorcisigma.org\/wp-content\/uploads\/2024\/03\/moixina06-molluscs-portada.png 885w\" sizes=\"auto, (max-width: 720px) 100vw, 720px\" \/><\/a><\/figure><\/div>\n<\/div>\n<\/div>\n","protected":false},"excerpt":{"rendered":"<p>Cat\u00e0leg dels bri\u00f2fits de la Moixina i del Parc Nou Miquel Jover Benjumea Grup de Flora i Vegetaci\u00f3, Departament de [&hellip;]<\/p>\n","protected":false},"author":1,"featured_media":0,"parent":0,"menu_order":0,"comment_status":"closed","ping_status":"closed","template":"page-templates\/template_fullwidth.php","meta":{"footnotes":""},"class_list":["post-761","page","type-page","status-publish","hentry"],"_links":{"self":[{"href":"http:\/\/biodiversitatmoixinaparcnou.consorcisigma.org\/index.php?rest_route=\/wp\/v2\/pages\/761","targetHints":{"allow":["GET"]}}],"collection":[{"href":"http:\/\/biodiversitatmoixinaparcnou.consorcisigma.org\/index.php?rest_route=\/wp\/v2\/pages"}],"about":[{"href":"http:\/\/biodiversitatmoixinaparcnou.consorcisigma.org\/index.php?rest_route=\/wp\/v2\/types\/page"}],"author":[{"embeddable":true,"href":"http:\/\/biodiversitatmoixinaparcnou.consorcisigma.org\/index.php?rest_route=\/wp\/v2\/users\/1"}],"replies":[{"embeddable":true,"href":"http:\/\/biodiversitatmoixinaparcnou.consorcisigma.org\/index.php?rest_route=%2Fwp%2Fv2%2Fcomments&post=761"}],"version-history":[{"count":105,"href":"http:\/\/biodiversitatmoixinaparcnou.consorcisigma.org\/index.php?rest_route=\/wp\/v2\/pages\/761\/revisions"}],"predecessor-version":[{"id":1425,"href":"http:\/\/biodiversitatmoixinaparcnou.consorcisigma.org\/index.php?rest_route=\/wp\/v2\/pages\/761\/revisions\/1425"}],"wp:attachment":[{"href":"http:\/\/biodiversitatmoixinaparcnou.consorcisigma.org\/index.php?rest_route=%2Fwp%2Fv2%2Fmedia&parent=761"}],"curies":[{"name":"wp","href":"https:\/\/api.w.org\/{rel}","templated":true}]}}